{"id":214,"date":"2017-02-06T15:19:56","date_gmt":"2017-02-06T14:19:56","guid":{"rendered":"https:\/\/engagementforschung.blogs.ruhr-uni-bochum.de\/?page_id=214"},"modified":"2017-02-06T15:44:36","modified_gmt":"2017-02-06T14:44:36","slug":"kontakt","status":"publish","type":"page","link":"https:\/\/engagementforschung.blogs.ruhr-uni-bochum.de\/?page_id=214","title":{"rendered":"Kontakt"},"content":{"rendered":"<p><strong>Ines Gottschalk\u00a0<\/strong><\/p>\n<p>Wissenschaftliche Mitarbeiterin<\/p>\n<p><strong>Ruhr-Universit\u00e4t Bochum<\/strong><br \/>\ninSTUDIESplus<br \/>\nUniversit\u00e4tsstra\u00dfe 90, Haus 1<br \/>\n44789 Bochum<\/p>\n<p><strong>Phone<\/strong> +49 (0)234 32-28390 |\u00a0<strong>E-Mail<\/strong>\u00a0ines.gottschalk@rub.de<\/p>\n","protected":false},"excerpt":{"rendered":"<p>Ines Gottschalk\u00a0 Wissenschaftliche Mitarbeiterin Ruhr-Universit\u00e4t Bochum inSTUDIESplus Universit\u00e4tsstra\u00dfe 90, Haus 1 44789 Bochum Phone +49 (0)234 32-28390 |\u00a0E-Mail\u00a0ines.gottschalk@rub.de<\/p>\n","protected":false},"author":7,"featured_media":0,"parent":0,"menu_order":0,"comment_status":"closed","ping_status":"closed","template":"","meta":{"footnotes":""},"class_list":["post-214","page","type-page","status-publish","hentry"],"_links":{"self":[{"href":"https:\/\/engagementforschung.blogs.ruhr-uni-bochum.de\/index.php?rest_route=\/wp\/v2\/pages\/214","targetHints":{"allow":["GET"]}}],"collection":[{"href":"https:\/\/engagementforschung.blogs.ruhr-uni-bochum.de\/index.php?rest_route=\/wp\/v2\/pages"}],"about":[{"href":"https:\/\/engagementforschung.blogs.ruhr-uni-bochum.de\/index.php?rest_route=\/wp\/v2\/types\/page"}],"author":[{"embeddable":true,"href":"https:\/\/engagementforschung.blogs.ruhr-uni-bochum.de\/index.php?rest_route=\/wp\/v2\/users\/7"}],"replies":[{"embeddable":true,"href":"https:\/\/engagementforschung.blogs.ruhr-uni-bochum.de\/index.php?rest_route=%2Fwp%2Fv2%2Fcomments&post=214"}],"version-history":[{"count":1,"href":"https:\/\/engagementforschung.blogs.ruhr-uni-bochum.de\/index.php?rest_route=\/wp\/v2\/pages\/214\/revisions"}],"predecessor-version":[{"id":216,"href":"https:\/\/engagementforschung.blogs.ruhr-uni-bochum.de\/index.php?rest_route=\/wp\/v2\/pages\/214\/revisions\/216"}],"wp:attachment":[{"href":"https:\/\/engagementforschung.blogs.ruhr-uni-bochum.de\/index.php?rest_route=%2Fwp%2Fv2%2Fmedia&parent=214"}],"curies":[{"name":"wp","href":"https:\/\/api.w.org\/{rel}","templated":true}]}}